{"id":78,"date":"2025-07-28T21:19:37","date_gmt":"2025-07-29T03:19:37","guid":{"rendered":"https:\/\/poolswift.wordifysites.com\/?page_id=78"},"modified":"2025-11-22T17:28:02","modified_gmt":"2025-11-22T23:28:02","slug":"contacto","status":"publish","type":"page","link":"https:\/\/puertoescondidotransportation.com\/es\/contacto\/","title":{"rendered":"Contacto"},"content":{"rendered":"<div class=\"gb-element-e5de6882\">\n<div class=\"container gb-element-b4071b7b\">\n<div class=\"gb-element-54d157ce\">\n<h1 class=\"gb-text heading-large gb-text-5b126efa\">Contacto<\/h1>\n\n\n\n<p class=\"gb-text gb-text-9f00fedc\">\u00bfPreguntas, comentarios, opiniones? Rellene el formulario de contacto y nos pondremos en contacto con usted lo antes posible.<\/p>\n<\/div>\n<\/div>\n<\/div>\n\n\n\n<div class=\"gb-element-0e7353b7\">\n<div class=\"gb-element-ea0cd96b\">\n<div>\n<p class=\"gb-text gb-text-27ec26ee\"><strong>Direcci\u00f3n<\/strong><\/p>\n\n\n\n<p class=\"gb-text gb-text-0a4c7584\">Benito Ju\u00e1rez, Rinconada, 71983 Puerto Escondido, Oaxaca, M\u00e9xico<\/p>\n\n\n\n<p class=\"gb-text-86439b87\"><span class=\"gb-shape\"><svg aria-hidden=\"true\" role=\"img\" height=\"1em\" width=\"1em\" viewbox=\"0 0 512 512\" xmlns=\"http:\/\/www.w3.org\/2000\/svg\"><path fill=\"currentColor\" d=\"M256 8C119 8 8 119 8 256s111 248 248 248 248-111 248-248S393 8 256 8zm0 448c-110.5 0-200-89.5-200-200S145.5 56 256 56s200 89.5 200 200-89.5 200-200 200zm61.8-104.4l-84.9-61.7c-3.1-2.3-4.9-5.9-4.9-9.7V116c0-6.6 5.4-12 12-12h32c6.6 0 12 5.4 12 12v141.7l66.8 48.6c5.4 3.9 6.5 11.4 2.6 16.8L334.6 349c-3.9 5.3-11.4 6.5-16.8 2.6z\"><\/path><\/svg><\/span><span class=\"gb-text\">Horario: de 9.00 a 18.00 horas<\/span><\/p>\n<\/div>\n\n\n\n<div class=\"gb-element-5d42bf4f\">\n<p class=\"gb-text gb-text-cb0a36ba\"><strong>P\u00f3ngase en contacto:<\/strong><\/p>\n\n\n\n<p class=\"gb-text-0b23d92f\"><span class=\"gb-shape\"><svg aria-hidden=\"true\" role=\"img\" height=\"1em\" width=\"1em\" viewbox=\"0 0 448 512\" xmlns=\"http:\/\/www.w3.org\/2000\/svg\"><path fill=\"currentColor\" d=\"M400 32H48A48 48 0 0 0 0 80v352a48 48 0 0 0 48 48h137.25V327.69h-63V256h63v-54.64c0-62.15 37-96.48 93.67-96.48 27.14 0 55.52 4.84 55.52 4.84v61h-31.27c-30.81 0-40.42 19.12-40.42 38.73V256h68.78l-11 71.69h-57.78V480H400a48 48 0 0 0 48-48V80a48 48 0 0 0-48-48z\"><\/path><\/svg><\/span><span class=\"gb-text\"><a href=\"https:\/\/www.facebook.com\/puertoescondidotransportation\" target=\"_blank\" data-type=\"link\" data-id=\"https:\/\/www.facebook.com\/puertoescondidotransportation\" rel=\"noreferrer noopener\"><strong> Transporte Puerto Escondido<\/strong><\/a><\/span><\/p>\n\n\n\n<p class=\"gb-text-6974fe4a\"><span class=\"gb-shape\"><svg xmlns=\"http:\/\/www.w3.org\/2000\/svg\" width=\"32\" height=\"32\" fill=\"#000000\" viewbox=\"0 0 256 256\"><path d=\"M104,152a8,8,0,0,1-8,8H56a8,8,0,0,1,0-16H96A8,8,0,0,1,104,152ZM168,32h24a8,8,0,0,0,0-16H160a8,8,0,0,0-8,8V56h16Zm72,84v60a16,16,0,0,1-16,16H136v32a8,8,0,0,1-16,0V192H32a16,16,0,0,1-16-16V116A60.07,60.07,0,0,1,76,56h76v88a8,8,0,0,0,16,0V56h12A60.07,60.07,0,0,1,240,116Zm-120,0a44,44,0,0,0-88,0v60h88Z\"><\/path><\/svg><\/span><span class=\"gb-text\"><strong>info@puertoescondidotransportation.com<\/strong><\/span><\/p>\n\n\n\n<p class=\"gb-text-92b3611a\"><span class=\"gb-shape\"><svg xmlns=\"http:\/\/www.w3.org\/2000\/svg\" width=\"32\" height=\"32\" fill=\"#000000\" viewbox=\"0 0 256 256\"><path d=\"M152.58,145.23l23,11.48A24,24,0,0,1,152,176a72.08,72.08,0,0,1-72-72A24,24,0,0,1,99.29,80.46l11.48,23L101,118a8,8,0,0,0-.73,7.51,56.47,56.47,0,0,0,30.15,30.15A8,8,0,0,0,138,155ZM232,128A104,104,0,0,1,79.12,219.82L45.07,231.17a16,16,0,0,1-20.24-20.24l11.35-34.05A104,104,0,1,1,232,128Zm-40,24a8,8,0,0,0-4.42-7.16l-32-16a8,8,0,0,0-8,.5l-14.69,9.8a40.55,40.55,0,0,1-16-16l9.8-14.69a8,8,0,0,0,.5-8l-16-32A8,8,0,0,0,104,64a40,40,0,0,0-40,40,88.1,88.1,0,0,0,88,88A40,40,0,0,0,192,152Z\"><\/path><\/svg><\/span><span class=\"gb-text\"><a href=\"https:\/\/wa.link\/fbyusp\" data-type=\"link\" data-id=\"https:\/\/wa.link\/fbyusp\" target=\"_blank\" rel=\"noopener\"><strong>Reserve por WhatsApp<\/strong><\/a><\/span><\/p>\n<\/div>\n<\/div>\n\n\n\n<div class=\"gb-element-39c648bf\">\n<h2 class=\"gb-text contenth2 gb-text-ab8438d7\">Preguntas Generales<\/h2>\n\n\n\n<p class=\"gb-text gb-text-7bc77748\">Para cualquier consulta general, rellene el formulario y nos pondremos en contacto con usted lo antes posible.<\/p>\n\n\n<div class='fluentform ff-default fluentform_wrapper_8 ffs_default_wrap'><form data-form_id=\"8\" id=\"fluentform_8\" class=\"frm-fluent-form fluent_form_8 ff-el-form-top ff_form_instance_8_1 ff-form-loading ffs_default\" data-form_instance=\"ff_form_instance_8_1\" method=\"POST\" action=\"\" ><fieldset  style=\"border: none!important;margin: 0!important;padding: 0!important;background-color: transparent!important;box-shadow: none!important;outline: none!important; min-inline-size: 100%;\">\n                    <legend class=\"ff_screen_reader_title\" style=\"display: block; margin: 0!important;padding: 0!important;height: 0!important;text-indent: -999999px;width: 0!important;overflow:hidden;\">Formulario de contacto general<\/legend><input type='hidden' name='__fluent_form_embded_post_id' value='78' \/><input type=\"hidden\" id=\"_fluentform_8_fluentformnonce\" name=\"_fluentform_8_fluentformnonce\" value=\"3bb98419f9\" \/><input type=\"hidden\" name=\"_wp_http_referer\" value=\"\/es\/wp-json\/wp\/v2\/pages\/78\" \/><div data-type=\"name-element\" data-name=\"names\" class=\"ff-field_container ff-name-field-wrapper\" ><div class='ff-t-container'><div class='ff-t-cell'><div class='ff-el-group'><div class=\"ff-el-input--label ff-el-is-required asterisk-right\"><label for='ff_8_names_first_name_' id='label_ff_8_names_first_name_' >Nombre:<\/label><\/div><div class='ff-el-input--content'><input type=\"text\" name=\"names[first_name]\" id=\"ff_8_names_first_name_\" class=\"ff-el-form-control\" placeholder=\"Nombre\" aria-invalid=\"false\" aria-required=\"true\"><\/div><\/div><\/div><div class='ff-t-cell'><div class='ff-el-group'><div class=\"ff-el-input--label ff-el-is-required asterisk-right\"><label for='ff_8_names_last_name_' id='label_ff_8_names_last_name_' >Apellido:<\/label><\/div><div class='ff-el-input--content'><input type=\"text\" name=\"names[last_name]\" id=\"ff_8_names_last_name_\" class=\"ff-el-form-control\" placeholder=\"Apellido\" aria-invalid=\"false\" aria-required=\"true\"><\/div><\/div><\/div><\/div><\/div><div class='ff-el-group'><div class=\"ff-el-input--label ff-el-is-required asterisk-right\"><label for='ff_8_email' id='label_ff_8_email' aria-label=\"Correo electr\u00f3nico:\">Correo electr\u00f3nico:<\/label><\/div><div class='ff-el-input--content'><input type=\"email\" name=\"email\" id=\"ff_8_email\" class=\"ff-el-form-control\" placeholder=\"Correo Electr\u00f3nico\" data-name=\"email\"  aria-invalid=\"false\" aria-required=\"true\"><\/div><\/div><div class='ff-el-group'><div class=\"ff-el-input--label ff-el-is-required asterisk-right\"><label for='ff_8_message' id='label_ff_8_message' aria-label=\"Mensaje:\">Mensaje:<\/label><\/div><div class='ff-el-input--content'><textarea aria-required=\"true\" aria-labelledby=\"label_ff_8_message\" name=\"message\" id=\"ff_8_message\" class=\"ff-el-form-control\" placeholder=\"Tu Mensaje\" rows=\"4\" cols=\"2\" data-name=\"message\" ><\/textarea><\/div><\/div><div class='ff-el-group ff-text-left ff_submit_btn_wrapper'><button type=\"submit\" class=\"ff-btn ff-btn-submit ff-btn-lg ff_btn_style wpf_has_custom_css\"  aria-label=\"ENVIAR\">ENVIAR<\/button><\/div><\/fieldset><input type=\"hidden\" name=\"trp-form-language\" value=\"es\"\/><\/form><div id='fluentform_8_errors' class='ff-errors-in-stack ff_form_instance_8_1 ff-form-loading_errors ff_form_instance_8_1_errors'><\/div><\/div>            <script type=\"text\/javascript\">\n                window.fluent_form_ff_form_instance_8_1 = {\"id\":\"8\",\"settings\":{\"layout\":{\"labelPlacement\":\"top\",\"helpMessagePlacement\":\"with_label\",\"errorMessagePlacement\":\"inline\",\"cssClassName\":\"\",\"asteriskPlacement\":\"asterisk-right\"},\"restrictions\":{\"denyEmptySubmission\":{\"enabled\":false}}},\"form_instance\":\"ff_form_instance_8_1\",\"form_id_selector\":\"fluentform_8\",\"rules\":{\"names[first_name]\":{\"required\":{\"value\":true,\"message\":\"This field is required\",\"global\":true,\"global_message\":\"This field is required\"}},\"names[middle_name]\":{\"required\":{\"value\":false,\"message\":\"This field is required\",\"global\":true,\"global_message\":\"This field is required\"}},\"names[last_name]\":{\"required\":{\"value\":true,\"message\":\"This field is required\",\"global\":true,\"global_message\":\"This field is required\"}},\"email\":{\"required\":{\"value\":true,\"message\":\"This field is required\",\"global\":true,\"global_message\":\"This field is required\"},\"email\":{\"value\":true,\"message\":\"This field must contain a valid email\",\"global\":true,\"global_message\":\"This field must contain a valid email\"}},\"message\":{\"required\":{\"value\":true,\"message\":\"This field is required\",\"global\":true,\"global_message\":\"This field is required\"}}},\"debounce_time\":300};\n                            <\/script>\n            \n<\/div>\n<\/div>","protected":false},"excerpt":{"rendered":"<p>Contacto \u00bfPreguntas, comentarios, opiniones? Por favor llene el formulario de contacto y nos pondremos en contacto lo antes posible. Direcci\u00f3n Benito Ju\u00e1rez, Rinconada, 71983 Puerto Escondido, Oaxaca, M\u00e9xico Horario de atenci\u00f3n: 9:00 AM - 6:00 PM Ponte en contacto: Transportaci\u00f3n Puerto Escondido info@puertoescondidotransportation.com \u00a1Reserva v\u00eda WhatsApp! Consultas Generales Para todas las consultas generales, por favor llene ... <a title=\"Contacto\" class=\"read-more\" href=\"https:\/\/puertoescondidotransportation.com\/es\/contacto\/\" aria-label=\"Leer m\u00e1s sobre Contacto\">Seguir leyendo<\/a><\/p>","protected":false},"author":1,"featured_media":0,"parent":0,"menu_order":0,"comment_status":"closed","ping_status":"closed","template":"","meta":{"_acf_changed":false,"footnotes":""},"class_list":["post-78","page","type-page","status-publish"],"acf":[],"_links":{"self":[{"href":"https:\/\/puertoescondidotransportation.com\/es\/wp-json\/wp\/v2\/pages\/78","targetHints":{"allow":["GET"]}}],"collection":[{"href":"https:\/\/puertoescondidotransportation.com\/es\/wp-json\/wp\/v2\/pages"}],"about":[{"href":"https:\/\/puertoescondidotransportation.com\/es\/wp-json\/wp\/v2\/types\/page"}],"author":[{"embeddable":true,"href":"https:\/\/puertoescondidotransportation.com\/es\/wp-json\/wp\/v2\/users\/1"}],"replies":[{"embeddable":true,"href":"https:\/\/puertoescondidotransportation.com\/es\/wp-json\/wp\/v2\/comments?post=78"}],"version-history":[{"count":75,"href":"https:\/\/puertoescondidotransportation.com\/es\/wp-json\/wp\/v2\/pages\/78\/revisions"}],"predecessor-version":[{"id":6492,"href":"https:\/\/puertoescondidotransportation.com\/es\/wp-json\/wp\/v2\/pages\/78\/revisions\/6492"}],"wp:attachment":[{"href":"https:\/\/puertoescondidotransportation.com\/es\/wp-json\/wp\/v2\/media?parent=78"}],"curies":[{"name":"wp","href":"https:\/\/api.w.org\/{rel}","templated":true}]}}