{"id":5963,"date":"2025-07-28T21:20:35","date_gmt":"2025-07-29T03:20:35","guid":{"rendered":"https:\/\/puertoescondidoairporttransportation.com\/?page_id=5963"},"modified":"2025-07-30T19:09:50","modified_gmt":"2025-07-31T01:09:50","slug":"politica-de-accesibilidad","status":"publish","type":"page","link":"https:\/\/puertoescondidotransportation.com\/es\/politica-de-accesibilidad\/","title":{"rendered":"Pol\u00edtica de accesibilidad"},"content":{"rendered":"<div class=\"gb-element-e5de6882\">\n<div class=\"container gb-element-b4071b7b\">\n<div class=\"gb-element-54d157ce\">\n<h1 class=\"gb-text heading-large gb-text-5b126efa\">Pol\u00edtica de accesibilidad<\/h1>\n\n\n\n<p class=\"gb-text gb-text-9f00fedc\">\u00daltima actualizaci\u00f3n: 30 de julio de 2025<\/p>\n<\/div>\n<\/div>\n<\/div>\n\n\n\n<div class=\"container gb-element-0e7353b7\">\n<div>\n<div class=\"container gb-element-bfc48d22\" id=\"hp-destinations\">\n<p>En <strong>Transporte Puerto Escondido<\/strong>nos comprometemos a garantizar la accesibilidad digital a todos los usuarios, incluidas las personas con discapacidad. Mejoramos continuamente la experiencia de usuario para todos y aplicamos las normas de accesibilidad pertinentes para lograr este objetivo.<\/p>\n\n\n\n<h3 class=\"wp-block-heading\" style=\"font-size:22px\">Medidas de apoyo a la accesibilidad<\/h3>\n\n\n\n<p>Para garantizar la accesibilidad, hemos tomado las siguientes medidas:<\/p>\n\n\n\n<ul class=\"wp-block-list\">\n<li>Integramos el widget de accesibilidad AccessYes en todo nuestro sitio web.<\/li>\n\n\n\n<li>Se han realizado comprobaciones internas de accesibilidad y se sigue supervisando el rendimiento.<\/li>\n\n\n\n<li>Dise\u00f1amos nuestro sitio web siguiendo los principios de las directrices WCAG 2.1 en el nivel AA.<\/li>\n<\/ul>\n\n\n\n<h3 class=\"wp-block-heading\" style=\"font-size:22px\">Accesibilidad<\/h3>\n\n\n\n<p>Nuestro sitio web incluye:<\/p>\n\n\n\n<ul class=\"wp-block-list\">\n<li>Opciones de cambio de tama\u00f1o del texto y modo de alto contraste.<\/li>\n\n\n\n<li>Navegaci\u00f3n mediante teclado.<\/li>\n\n\n\n<li>Compatibilidad con lectores de pantalla.<\/li>\n\n\n\n<li>Texto alternativo para todas las im\u00e1genes significativas.<\/li>\n<\/ul>\n\n\n\n<h3 class=\"wp-block-heading\" style=\"font-size:22px\">Comentarios y asistencia<\/h3>\n\n\n\n<p>Si tiene dificultades para acceder a cualquier parte de nuestro sitio web, p\u00f3ngase en contacto con nosotros:<\/p>\n\n\n\n<ul class=\"wp-block-list\">\n<li><strong>Correo electr\u00f3nico:<\/strong> info [at] puertoescondidotransportation [dot] com<\/li>\n<\/ul>\n\n\n\n<p>Agradecemos sus comentarios y estaremos encantados de ayudarle.<\/p>\n\n\n\n<h3 class=\"wp-block-heading\" style=\"font-size:22px\">Estado de cumplimiento<\/h3>\n\n\n\n<p>Nos esforzamos por cumplir las Pautas de Accesibilidad al Contenido en la Web (WCAG) 2.1 Nivel AA y cumplir las normas de accesibilidad de la <strong><a href=\"https:\/\/commission.europa.eu\/strategy-and-policy\/policies\/justice-and-fundamental-rights\/disability\/union-equality-strategy-rights-persons-disabilities-2021-2030\/european-accessibility-act_en\" target=\"_blank\" rel=\"noreferrer noopener\">Acta Europea de Accesibilidad (AEA)<\/a>)<\/strong> y el <strong><a href=\"https:\/\/www.ada.gov\/\" target=\"_blank\" rel=\"noreferrer noopener\">Ley de Estadounidenses con Discapacidades (ADA)<\/a><\/strong> cuando proceda.<\/p>\n\n\n\n<p><em>\u00daltima actualizaci\u00f3n: 30 de julio de 2025<\/em><\/p>\n<\/div>\n<\/div>\n<\/div>","protected":false},"excerpt":{"rendered":"<p>Pol\u00edtica de accesibilidad \u00daltima actualizaci\u00f3n: 30 de julio de 2025 En Puerto Escondido Transportation, nos comprometemos a garantizar la accesibilidad digital para todos los usuarios, incluidas las personas con discapacidad. Mejoramos continuamente la experiencia del usuario para todos y aplicamos las normas de accesibilidad pertinentes para lograr este objetivo. Medidas para apoyar la accesibilidad Para garantizar la accesibilidad, hemos tomado las siguientes medidas... <a title=\"Pol\u00edtica de accesibilidad\" class=\"read-more\" href=\"https:\/\/puertoescondidotransportation.com\/es\/politica-de-accesibilidad\/\" aria-label=\"Leer m\u00e1s sobre Pol\u00edtica de accesibilidad\">Seguir leyendo<\/a><\/p>","protected":false},"author":1,"featured_media":0,"parent":0,"menu_order":0,"comment_status":"closed","ping_status":"closed","template":"","meta":{"_acf_changed":false,"footnotes":""},"class_list":["post-5963","page","type-page","status-publish"],"acf":[],"_links":{"self":[{"href":"https:\/\/puertoescondidotransportation.com\/es\/wp-json\/wp\/v2\/pages\/5963","targetHints":{"allow":["GET"]}}],"collection":[{"href":"https:\/\/puertoescondidotransportation.com\/es\/wp-json\/wp\/v2\/pages"}],"about":[{"href":"https:\/\/puertoescondidotransportation.com\/es\/wp-json\/wp\/v2\/types\/page"}],"author":[{"embeddable":true,"href":"https:\/\/puertoescondidotransportation.com\/es\/wp-json\/wp\/v2\/users\/1"}],"replies":[{"embeddable":true,"href":"https:\/\/puertoescondidotransportation.com\/es\/wp-json\/wp\/v2\/comments?post=5963"}],"version-history":[{"count":7,"href":"https:\/\/puertoescondidotransportation.com\/es\/wp-json\/wp\/v2\/pages\/5963\/revisions"}],"predecessor-version":[{"id":6368,"href":"https:\/\/puertoescondidotransportation.com\/es\/wp-json\/wp\/v2\/pages\/5963\/revisions\/6368"}],"wp:attachment":[{"href":"https:\/\/puertoescondidotransportation.com\/es\/wp-json\/wp\/v2\/media?parent=5963"}],"curies":[{"name":"wp","href":"https:\/\/api.w.org\/{rel}","templated":true}]}}