{"id":5775,"date":"2025-07-28T00:39:25","date_gmt":"2025-07-28T06:39:25","guid":{"rendered":"https:\/\/puertoescondidoairporttransportation.com\/?page_id=5775"},"modified":"2025-07-30T19:08:50","modified_gmt":"2025-07-31T01:08:50","slug":"politica-de-privacidad","status":"publish","type":"page","link":"https:\/\/puertoescondidotransportation.com\/es\/politica-de-privacidad\/","title":{"rendered":"Pol\u00edtica de Privacidad"},"content":{"rendered":"<div class=\"gb-element-e5de6882\">\n<div class=\"container gb-element-b4071b7b\">\n<div class=\"gb-element-54d157ce\">\n<h1 class=\"gb-text heading-large gb-text-5b126efa\">Pol\u00edtica de Privacidad<\/h1>\n\n\n\n<p class=\"gb-text gb-text-9f00fedc\">\u00daltima actualizaci\u00f3n: 30 de julio de 2025<\/p>\n<\/div>\n<\/div>\n<\/div>\n\n\n\n<div class=\"container gb-element-0e7353b7\">\n<div>\n<div class=\"container gb-element-bfc48d22\" id=\"hp-destinations\">\n<p>Gracias por elegir Transportes Puerto Escondido. (\"nosotros\", \"nuestro\" o \"nos\"). Su privacidad es importante, y estamos comprometidos a proteger sus datos personales. Esta pol\u00edtica describe c\u00f3mo recopilamos, utilizamos, protegemos y divulgamos la informaci\u00f3n obtenida de los usuarios de nuestro sitio web.<\/p>\n\n\n\n<h3 class=\"wp-block-heading\">Informaci\u00f3n que recopilamos<\/h3>\n\n\n\n<p>Podemos recopilar informaci\u00f3n de identificaci\u00f3n personal, que incluye, entre otros, los siguientes datos:<\/p>\n\n\n\n<ul class=\"wp-block-list\">\n<li>Nombre<\/li>\n\n\n\n<li>Direcci\u00f3n de correo electr\u00f3nico<\/li>\n\n\n\n<li>N\u00famero de tel\u00e9fono<\/li>\n\n\n\n<li>Lugares de recogida y entrega<\/li>\n\n\n\n<li>Fechas y horas de viaje<\/li>\n\n\n\n<li>Informaci\u00f3n de pago (procesada de forma segura por nuestro proveedor de pasarelas de pago)<\/li>\n<\/ul>\n\n\n\n<h3 class=\"wp-block-heading\">C\u00f3mo recopilamos la informaci\u00f3n<\/h3>\n\n\n\n<p>Recogemos informaci\u00f3n directamente de usted cuando<\/p>\n\n\n\n<ul class=\"wp-block-list\">\n<li>Rellenar formularios de reserva<\/li>\n\n\n\n<li>Realizar consultas a trav\u00e9s de formularios de contacto<\/li>\n\n\n\n<li>Comunicarse por correo electr\u00f3nico o SMS (WhatsApp)<\/li>\n<\/ul>\n\n\n\n<p>Tambi\u00e9n recopilamos datos no personales, entre los que se incluyen:<\/p>\n\n\n\n<ul class=\"wp-block-list\">\n<li>Tipo de navegador<\/li>\n\n\n\n<li>Direcci\u00f3n IP<\/li>\n\n\n\n<li>Sistema operativo<\/li>\n\n\n\n<li>Sellos de fecha\/hora<\/li>\n\n\n\n<li>URL de referencia<\/li>\n<\/ul>\n\n\n\n<h3 class=\"wp-block-heading\">C\u00f3mo utilizamos su informaci\u00f3n<\/h3>\n\n\n\n<p>Utilizamos su informaci\u00f3n principalmente para:<\/p>\n\n\n\n<ul class=\"wp-block-list\">\n<li>Satisfacer sus solicitudes de reserva<\/li>\n\n\n\n<li>Comunicar confirmaciones de reserva y actualizaciones<\/li>\n\n\n\n<li>Prestar asistencia al cliente<\/li>\n\n\n\n<li>Mejorar el rendimiento del sitio web y la experiencia del usuario<\/li>\n\n\n\n<li>Procese los pagos de forma segura<\/li>\n\n\n\n<li>Cumplir las obligaciones legales<\/li>\n<\/ul>\n\n\n\n<h3 class=\"wp-block-heading\">Seguridad de los datos<\/h3>\n\n\n\n<p>Adoptamos s\u00f3lidas medidas de seguridad para proteger sus datos contra el acceso, la alteraci\u00f3n o la divulgaci\u00f3n no autorizados. Los pagos se procesan de forma segura mediante pasarelas de pago de terceros de confianza que cumplen la norma PCI DSS.<\/p>\n\n\n\n<h3 class=\"wp-block-heading\">Compartir su informaci\u00f3n<\/h3>\n\n\n\n<p>No vendemos ni alquilamos sus datos personales. Podemos compartir informaci\u00f3n con:<\/p>\n\n\n\n<ul class=\"wp-block-list\">\n<li>Socios de transporte de confianza (para realizar sus reservas)<\/li>\n\n\n\n<li>Procesadores de pagos (para completar las transacciones)<\/li>\n\n\n\n<li>Autoridades judiciales (si lo exige la ley)<\/li>\n<\/ul>\n\n\n\n<h3 class=\"wp-block-heading\">Cookies<\/h3>\n\n\n\n<p>Utilizamos cookies para mejorar su experiencia. Las cookies nos ayudan a entender c\u00f3mo interact\u00faa con nuestro sitio, lo que nos permite optimizar el contenido y mejorar los servicios. Puede desactivar las cookies a trav\u00e9s de la configuraci\u00f3n de su navegador, pero esto puede limitar la funcionalidad del sitio web.<\/p>\n\n\n\n<h3 class=\"wp-block-heading\">Enlaces de terceros<\/h3>\n\n\n\n<p>Nuestro sitio web puede contener enlaces a sitios web de terceros. No somos responsables de las pr\u00e1cticas de privacidad o del contenido de estos sitios externos. Le recomendamos que consulte sus pol\u00edticas de privacidad.<\/p>\n\n\n\n<h3 class=\"wp-block-heading\">Privacidad infantil<\/h3>\n\n\n\n<p>Nuestros servicios no est\u00e1n dirigidos a menores de 16 a\u00f1os. No recopilamos ni almacenamos conscientemente informaci\u00f3n de menores.<\/p>\n\n\n\n<h3 class=\"wp-block-heading\">Sus derechos<\/h3>\n\n\n\n<p>Tienes derecho a:<\/p>\n\n\n\n<ul class=\"wp-block-list\">\n<li>Acceder a sus datos personales y revisarlos<\/li>\n\n\n\n<li>Solicitar la rectificaci\u00f3n o supresi\u00f3n de sus datos personales<\/li>\n\n\n\n<li>Exclusi\u00f3n voluntaria de comunicaciones comerciales<\/li>\n<\/ul>\n\n\n\n<p>Para ejercer estos derechos, p\u00f3ngase en contacto con nosotros aqu\u00ed.<\/p>\n\n\n\n<h3 class=\"wp-block-heading\">Cambios en esta pol\u00edtica de privacidad<\/h3>\n\n\n\n<p>Nos reservamos el derecho a actualizar esta pol\u00edtica. Cualquier cambio se comunicar\u00e1 actualizando la fecha de \"\u00daltima actualizaci\u00f3n\" en la parte superior de esta pol\u00edtica. Le recomendamos que revise esta pol\u00edtica peri\u00f3dicamente.<\/p>\n\n\n\n<h3 class=\"wp-block-heading\">Contacto<\/h3>\n\n\n\n<p>Si tiene alguna pregunta sobre esta pol\u00edtica de privacidad o sobre nuestras pr\u00e1cticas en materia de datos, p\u00f3ngase en contacto con nosotros:<\/p>\n\n\n\n<ul class=\"wp-block-list\">\n<li><strong>Correo electr\u00f3nico:<\/strong> info [at] puertoescondidotransportation [dot] com<\/li>\n<\/ul>\n<\/div>\n<\/div>\n<\/div>","protected":false},"excerpt":{"rendered":"<p>Pol\u00edtica de privacidad \u00daltima actualizaci\u00f3n: 30 de julio de 2025 Gracias por elegir Puerto Escondido Transportation. (\u201cnosotros\u201d, \u201cnuestro\u201d o \u201cnos\u201d). Su privacidad es importante y nos comprometemos a proteger sus datos personales. Esta pol\u00edtica describe c\u00f3mo recopilamos, utilizamos, protegemos y divulgamos la informaci\u00f3n recopilada de los usuarios de nuestro sitio web. Informaci\u00f3n que recopilamos Podemos recopilar datos personales... <a title=\"Pol\u00edtica de Privacidad\" class=\"read-more\" href=\"https:\/\/puertoescondidotransportation.com\/es\/politica-de-privacidad\/\" aria-label=\"Leer m\u00e1s sobre Pol\u00edtica de privacidad\">Seguir leyendo<\/a><\/p>","protected":false},"author":1,"featured_media":0,"parent":0,"menu_order":0,"comment_status":"closed","ping_status":"closed","template":"","meta":{"_acf_changed":false,"footnotes":""},"class_list":["post-5775","page","type-page","status-publish"],"acf":[],"_links":{"self":[{"href":"https:\/\/puertoescondidotransportation.com\/es\/wp-json\/wp\/v2\/pages\/5775","targetHints":{"allow":["GET"]}}],"collection":[{"href":"https:\/\/puertoescondidotransportation.com\/es\/wp-json\/wp\/v2\/pages"}],"about":[{"href":"https:\/\/puertoescondidotransportation.com\/es\/wp-json\/wp\/v2\/types\/page"}],"author":[{"embeddable":true,"href":"https:\/\/puertoescondidotransportation.com\/es\/wp-json\/wp\/v2\/users\/1"}],"replies":[{"embeddable":true,"href":"https:\/\/puertoescondidotransportation.com\/es\/wp-json\/wp\/v2\/comments?post=5775"}],"version-history":[{"count":10,"href":"https:\/\/puertoescondidotransportation.com\/es\/wp-json\/wp\/v2\/pages\/5775\/revisions"}],"predecessor-version":[{"id":6367,"href":"https:\/\/puertoescondidotransportation.com\/es\/wp-json\/wp\/v2\/pages\/5775\/revisions\/6367"}],"wp:attachment":[{"href":"https:\/\/puertoescondidotransportation.com\/es\/wp-json\/wp\/v2\/media?parent=5775"}],"curies":[{"name":"wp","href":"https:\/\/api.w.org\/{rel}","templated":true}]}}